{"id":110,"date":"2017-09-13T04:15:48","date_gmt":"2017-09-13T04:15:48","guid":{"rendered":"http:\/\/demo.archiwp.com\/fresh-version\/?page_id=110"},"modified":"2023-02-28T08:54:43","modified_gmt":"2023-02-28T08:54:43","slug":"about","status":"publish","type":"page","link":"https:\/\/institutlarenaissance.com\/index.php\/home\/about\/","title":{"rendered":"A Propos De Nous"},"content":{"rendered":"<p>[vc_row css=&#8221;.vc_custom_1663785523035{padding-top: 90px !important;padding-bottom: 90px !important;}&#8221;][vc_column width=&#8221;1\/2&#8243;][vc_single_image image=&#8221;865&#8243; img_size=&#8221;full&#8221;][\/vc_column][vc_column width=&#8221;1\/2&#8243;][vc_column_text]<\/p>\n<h1 style=\"text-align: left;\">Nous sommes des experts de la pr\u00e9paration des \u00e9preuves du baccalaur\u00e9at fran\u00e7ais<\/h1>\n<p>&nbsp;<\/p>\n<p>&nbsp;<\/p>\n<p style=\"text-align: left;\"><span style=\"font-weight: 400;\">La Renaissance, institut de pr\u00e9paration des \u00e9preuves du baccalaur\u00e9at fran\u00e7ais, qui garantit r\u00e9ussite et \u00e9panouissement de ses \u00e9l\u00e8ves depuis 2016.<\/span><\/p>\n<p style=\"text-align: left;\"><span style=\"font-weight: 400;\">Nous disposons de l\u2019int\u00e9gralit\u00e9 des sp\u00e9cialit\u00e9s et des mati\u00e8res couvrant tous les sujets relatifs aux \u00e9preuves du bac fran\u00e7ais.<\/span><\/p>\n<p style=\"text-align: left;\"><span style=\"font-weight: 400;\">\u00c0 la Renaissance, nous exploitons le potentiel de tous les \u00e9l\u00e8ves quel que soit leur niveaux, leur orientation acad\u00e9mique ou leurs perspectives d\u2019avenir.<\/span><\/p>\n<p style=\"text-align: left;\"><span style=\"font-weight: 400;\">Soucieux de vous proposer la meilleure formation riche et vari\u00e9e conforme aux programmes, notre \u00e9quipe est compos\u00e9e de professeurs comp\u00e9tents et dot\u00e9s d\u2019une exp\u00e9rience confirm\u00e9e dans la pr\u00e9paration des \u00e9l\u00e8ves aux \u00e9preuves du baccalaur\u00e9at fran\u00e7ais.<\/span><\/p>\n<p style=\"text-align: left;\"><span style=\"font-weight: 400;\">Nous vous proposons des horaires adapt\u00e9s aux emplois du temps des \u00e9l\u00e8ves scolaris\u00e9s.<\/span><\/p>\n<p>[\/vc_column_text][\/vc_column][\/vc_row]<\/p>\n","protected":false},"excerpt":{"rendered":"<p>[vc_row css=&#8221;.vc_custom_1663785523035{padding-top: 90px !important;padding-bottom: 90px !important;}&#8221;][vc_column width=&#8221;1\/2&#8243;][vc_single_image image=&#8221;865&#8243; img_size=&#8221;full&#8221;][\/vc_column][vc_column width=&#8221;1\/2&#8243;][vc_column_text] Nous sommes des experts de la pr\u00e9paration des \u00e9preuves du baccalaur\u00e9at fran\u00e7ais &nbsp; &nbsp; La Renaissance, institut de pr\u00e9paration des \u00e9preuves du baccalaur\u00e9at fran\u00e7ais, qui garantit r\u00e9ussite et \u00e9panouissement de ses \u00e9l\u00e8ves depuis 2016. Nous disposons de l\u2019int\u00e9gralit\u00e9 des sp\u00e9cialit\u00e9s et des mati\u00e8res couvrant tous [&hellip;]<\/p>\n","protected":false},"author":1,"featured_media":0,"parent":840,"menu_order":0,"comment_status":"closed","ping_status":"closed","template":"page-templates\/template-fullwidth.php","meta":{"footnotes":""},"_links":{"self":[{"href":"https:\/\/institutlarenaissance.com\/index.php\/wp-json\/wp\/v2\/pages\/110"}],"collection":[{"href":"https:\/\/institutlarenaissance.com\/index.php\/wp-json\/wp\/v2\/pages"}],"about":[{"href":"https:\/\/institutlarenaissance.com\/index.php\/wp-json\/wp\/v2\/types\/page"}],"author":[{"embeddable":true,"href":"https:\/\/institutlarenaissance.com\/index.php\/wp-json\/wp\/v2\/users\/1"}],"replies":[{"embeddable":true,"href":"https:\/\/institutlarenaissance.com\/index.php\/wp-json\/wp\/v2\/comments?post=110"}],"version-history":[{"count":7,"href":"https:\/\/institutlarenaissance.com\/index.php\/wp-json\/wp\/v2\/pages\/110\/revisions"}],"predecessor-version":[{"id":954,"href":"https:\/\/institutlarenaissance.com\/index.php\/wp-json\/wp\/v2\/pages\/110\/revisions\/954"}],"up":[{"embeddable":true,"href":"https:\/\/institutlarenaissance.com\/index.php\/wp-json\/wp\/v2\/pages\/840"}],"wp:attachment":[{"href":"https:\/\/institutlarenaissance.com\/index.php\/wp-json\/wp\/v2\/media?parent=110"}],"curies":[{"name":"wp","href":"https:\/\/api.w.org\/{rel}","templated":true}]}}