{"id":840,"date":"2017-08-29T06:55:00","date_gmt":"2017-08-29T06:55:00","guid":{"rendered":"http:\/\/demo.archiwp.com\/fresh-version\/?page_id=6"},"modified":"2023-02-27T14:37:29","modified_gmt":"2023-02-27T14:37:29","slug":"home","status":"publish","type":"page","link":"https:\/\/institutlarenaissance.com\/","title":{"rendered":"Accueil"},"content":{"rendered":"<p>[vc_row archi_parallax=&#8221;yes&#8221; css=&#8221;.vc_custom_1663677067668{padding-top: 90px !important;padding-bottom: 90px !important;background-image: url(https:\/\/institutlarenaissance.com\/wp-content\/uploads\/2022\/09\/Wallpaper2.png?id=860) !important;}&#8221;][vc_column offset=&#8221;vc_col-lg-6 vc_col-md-6&#8243;]\t\n\t<!-- Element: OT Home Profession -->\n\t<div class=\"center-y\">\t\t\n\t\t\t\t    <h2 class=\"style-3\"  >institut <b>La Renaissance<\/b><\/h2>\t\t\t\t\t    \n\t    \t    \t\t    <div class=\"teaser-text-2\"  >institut de pr\u00e9paration des \u00e9preuves du baccalaur\u00e9at fran\u00e7ais, qui garantit r\u00e9ussite et \u00e9panouissement de ses \u00e9l\u00e8ves depuis 2016.<\/div>\t\n\t\t    <div class=\"spacer-double\"><\/div>\t\t\t\t    \n\t    \t    <a href=\"https:\/\/institutlarenaissance.com\/index.php\/home\/pre-inscription\/\" title=\"Rejoignez nous\" target=\"_blank\" class=\"btn btn-line-black btn-big scroll-to scroll-to\">Rejoignez nous<\/a>\t\t\t\n\t<\/div>\n   \n[vc_empty_space height=&#8221;60px&#8221;][\/vc_column][\/vc_row][vc_row equal_height=&#8221;yes&#8221; content_placement=&#8221;top&#8221; css=&#8221;.vc_custom_1533802455293{padding-top: 90px !important;padding-bottom: 90px !important;}&#8221;][vc_column width=&#8221;1\/2&#8243; animate=&#8221;fadeinup&#8221;][vc_single_image image=&#8221;865&#8243; img_size=&#8221;full&#8221; css=&#8221;.vc_custom_1663680518460{margin-bottom: 0px !important;}&#8221;][\/vc_column][vc_column width=&#8221;1\/2&#8243; animate=&#8221;fadeinup&#8221;][vc_column_text css=&#8221;.vc_custom_1663680815545{margin-bottom: 0px !important;}&#8221;]<\/p>\n<h2>Nous Sommes Les Meilleurs<\/h2>\n<p class=\"lead\">Le meilleur taux de r\u00e9ussite en Tunisie. 100% de nos \u00e9l\u00e9ves r\u00e9ussissent leur baccalaur\u00e9at fran\u00e7ais.<\/p>\n<p><span style=\"font-weight: 400;\">Chez la Renaissance, nous exploitons le potentiel de tous les \u00e9l\u00e8ves quel que soit leur niveau, orientation acad\u00e9mique ou perspectives d\u2019avenir.<\/span><\/p>\n<p><span style=\"font-weight: 400;\">Nous dispensons l\u2019int\u00e9gralit\u00e9 des sp\u00e9cialit\u00e9s et des mati\u00e8res couvrant tous les sujets relatifs aux \u00e9preuves du bac fran\u00e7ais.<\/span><\/p>\n<p><span style=\"font-weight: 400;\">Soucieux de vous proposer la meilleure formation riche et vari\u00e9e conforme aux programmes, Notre \u00e9quipe est compos\u00e9e de professeurs comp\u00e9tents et dot\u00e9s d\u2019une exp\u00e9rience confirm\u00e9e dans la pr\u00e9paration des \u00e9l\u00e8ves aux \u00e9preuves du baccalaur\u00e9at fran\u00e7ais.<\/span><\/p>\n<p><a class=\"btn btn-line-black btn-big scroll-to\" href=\"https:\/\/institutlarenaissance.com\/index.php\/about\/\">Lire Plus<\/a>[\/vc_column_text][\/vc_column][\/vc_row][vc_row disable_element=&#8221;yes&#8221; img_halfrow=&#8221;yes&#8221; halfrow_image=&#8221;1004&#8243; img_columns=&#8221;4columns&#8221; img_position=&#8221;imgright&#8221;][vc_column width=&#8221;1\/3&#8243;]\t\t\n\t<!-- OT Info Apps 2 -->\n    <div class=\" box-icon \">\n\t     \n\t    \t<span class=\"icon \" >\n\t        \t<i class=\"id-color icon-paintbrush\" ><\/i>\n\t        <\/span>\n\t       \n        <div class=\"text\">\n            <h3>Interior Expertise<\/h3>\n            <p>Sed ut perspiciatis unde omnis iste natus error sit voluptatem accusantium doloremque laudantium, totam rem aperiam, eaque ipsa quae.<\/p>\n                    <\/div>        \n    <\/div>    \n\n[vc_empty_space height=&#8221;30px&#8221;]\t\t\n\t<!-- OT Info Apps 2 -->\n    <div class=\" box-icon \">\n\t     \n\t    \t<span class=\"icon \" >\n\t        \t<i class=\"id-color icon-chat\" ><\/i>\n\t        <\/span>\n\t       \n        <div class=\"text\">\n            <h3>Free Consultation<\/h3>\n            <p>Sed ut perspiciatis unde omnis iste natus error sit voluptatem accusantium doloremque laudantium, totam rem aperiam, eaque ipsa quae.<\/p>\n                    <\/div>        \n    <\/div>    \n\n[\/vc_column][vc_column width=&#8221;1\/3&#8243;]\t\t\n\t<!-- OT Info Apps 2 -->\n    <div class=\" box-icon \">\n\t     \n\t    \t<span class=\"icon \" >\n\t        \t<i class=\"id-color icon-trophy\" ><\/i>\n\t        <\/span>\n\t       \n        <div class=\"text\">\n            <h3>Awards Winning<\/h3>\n            <p>Sed ut perspiciatis unde omnis iste natus error sit voluptatem accusantium doloremque laudantium, totam rem aperiam, eaque ipsa quae.<\/p>\n                    <\/div>        \n    <\/div>    \n\n[vc_empty_space height=&#8221;30px&#8221;]\t\t\n\t<!-- OT Info Apps 2 -->\n    <div class=\" box-icon \">\n\t     \n\t    \t<span class=\"icon \" >\n\t        \t<i class=\"id-color icon-envelope\" ><\/i>\n\t        <\/span>\n\t       \n        <div class=\"text\">\n            <h3>24 \/ 7 Support<\/h3>\n            <p>Sed ut perspiciatis unde omnis iste natus error sit voluptatem accusantium doloremque laudantium, totam rem aperiam, eaque ipsa quae.<\/p>\n                    <\/div>        \n    <\/div>    \n\n[\/vc_column][vc_column width=&#8221;1\/3&#8243;]\t\t\n\t<!-- OT Info Apps 2 -->\n    <div class=\" box-icon \">\n\t     \n\t    \t<span class=\"icon \" >\n\t        \t<i class=\"id-color icon-wallet\" ><\/i>\n\t        <\/span>\n\t       \n        <div class=\"text\">\n            <h3>Affordable Price<\/h3>\n            <p>Sed ut perspiciatis unde omnis iste natus error sit voluptatem accusantium doloremque laudantium, totam rem aperiam, eaque ipsa quae.<\/p>\n                    <\/div>        \n    <\/div>    \n\n[vc_empty_space height=&#8221;30px&#8221;]\t\t\n\t<!-- OT Info Apps 2 -->\n    <div class=\" box-icon \">\n\t     \n\t    \t<span class=\"icon \" >\n\t        \t<i class=\"id-color icon-recycle\" ><\/i>\n\t        <\/span>\n\t       \n        <div class=\"text\">\n            <h3>Guaranteed Works<\/h3>\n            <p>Sed ut perspiciatis unde omnis iste natus error sit voluptatem accusantium doloremque laudantium, totam rem aperiam, eaque ipsa quae.<\/p>\n                    <\/div>        \n    <\/div>    \n\n[\/vc_column][\/vc_row][vc_row equal_height=&#8221;yes&#8221; content_placement=&#8221;top&#8221; css=&#8221;.vc_custom_1533805889326{padding-top: 90px !important;padding-bottom: 90px !important;}&#8221;][vc_column width=&#8221;1\/2&#8243; animate=&#8221;fadein&#8221;][vc_row_inner css=&#8221;.vc_custom_1533809200068{padding-top: 30px !important;}&#8221;][vc_column_inner width=&#8221;1\/2&#8243; animate=&#8221;fadein&#8221; delay=&#8221;0&#8243;]\t<!-- Element: OT Our Facts -->\n\t<div class=\"de_count \">\n                <h3 class=\"timer\" data-to=\"100\" data-speed=\"2500\">0<\/h3>\n        <span>Taux De R\u00e9ussite %<\/span>\n    <\/div>\n\n[\/vc_column_inner][vc_column_inner width=&#8221;1\/2&#8243; animate=&#8221;fadein&#8221; delay=&#8221;.25&#8243;]\t<!-- Element: OT Our Facts -->\n\t<div class=\"de_count \">\n                <h3 class=\"timer\" data-to=\"2016\" data-speed=\"2500\">0<\/h3>\n        <span>pr\u00e9paration du bac fran\u00e7ais depuis<\/span>\n    <\/div>\n\n[\/vc_column_inner][vc_column_inner width=&#8221;1\/2&#8243; animate=&#8221;fadein&#8221; delay=&#8221;.5&#8243;][\/vc_column_inner][vc_column_inner width=&#8221;1\/2&#8243; animate=&#8221;fadein&#8221; delay=&#8221;.75&#8243;][\/vc_column_inner][\/vc_row_inner][\/vc_column][vc_column width=&#8221;1\/2&#8243; animate=&#8221;fadein&#8221;][vc_single_image image=&#8221;865&#8243; img_size=&#8221;full&#8221;][\/vc_column][\/vc_row][vc_row el_class=&#8221;call-to-action text-light&#8221; css=&#8221;.vc_custom_1663689948937{padding-top: 20px !important;padding-bottom: 20px !important;background-color: #303192 !important;}&#8221;][vc_column width=&#8221;2\/3&#8243;]\n\t<!-- Element: OT Heading --> \t \n\t<h2 class=\"ot_custom_heading mb20 \" style=\"color: #ffffff;\" >Contactez Nous pour avoir plus d'information!<\/h2>\t\n[\/vc_column][vc_column width=&#8221;1\/3&#8243; css=&#8221;.vc_custom_1533805459398{margin-top: 20px !important;}&#8221; el_class=&#8221;text-right&#8221;]\t\t\t\n\t<!-- Element: OT Button 2 --> \n\t<a href=\"https:\/\/institutlarenaissance.com\/index.php\/contact\/\" title=\"Contactez Nous\" target=\"_blank\" class=\"btn btn btn-line-white btn-big wow fadeInUp animated\">Contactez Nous<\/a>\t\n[\/vc_column][\/vc_row]<\/p>\n","protected":false},"excerpt":{"rendered":"<p>[vc_row archi_parallax=&#8221;yes&#8221; css=&#8221;.vc_custom_1663677067668{padding-top: 90px !important;padding-bottom: 90px !important;background-image: url(https:\/\/institutlarenaissance.com\/wp-content\/uploads\/2022\/09\/Wallpaper2.png?id=860) !important;}&#8221;][vc_column offset=&#8221;vc_col-lg-6 vc_col-md-6&#8243;][vc_empty_space height=&#8221;60px&#8221;][\/vc_column][\/vc_row][vc_row equal_height=&#8221;yes&#8221; content_placement=&#8221;top&#8221; css=&#8221;.vc_custom_1533802455293{padding-top: 90px !important;padding-bottom: 90px !important;}&#8221;][vc_column width=&#8221;1\/2&#8243; animate=&#8221;fadeinup&#8221;][vc_single_image image=&#8221;865&#8243; img_size=&#8221;full&#8221; css=&#8221;.vc_custom_1663680518460{margin-bottom: 0px !important;}&#8221;][\/vc_column][vc_column width=&#8221;1\/2&#8243; animate=&#8221;fadeinup&#8221;][vc_column_text css=&#8221;.vc_custom_1663680815545{margin-bottom: 0px !important;}&#8221;] Nous Sommes Les Meilleurs Le meilleur taux de r\u00e9ussite en Tunisie. 100% de nos \u00e9l\u00e9ves r\u00e9ussissent leur baccalaur\u00e9at fran\u00e7ais. Chez la Renaissance, nous exploitons [&hellip;]<\/p>\n","protected":false},"author":1,"featured_media":0,"parent":0,"menu_order":0,"comment_status":"closed","ping_status":"closed","template":"page-templates\/template-canvas.php","meta":{"footnotes":""},"_links":{"self":[{"href":"https:\/\/institutlarenaissance.com\/index.php\/wp-json\/wp\/v2\/pages\/840"}],"collection":[{"href":"https:\/\/institutlarenaissance.com\/index.php\/wp-json\/wp\/v2\/pages"}],"about":[{"href":"https:\/\/institutlarenaissance.com\/index.php\/wp-json\/wp\/v2\/types\/page"}],"author":[{"embeddable":true,"href":"https:\/\/institutlarenaissance.com\/index.php\/wp-json\/wp\/v2\/users\/1"}],"replies":[{"embeddable":true,"href":"https:\/\/institutlarenaissance.com\/index.php\/wp-json\/wp\/v2\/comments?post=840"}],"version-history":[{"count":13,"href":"https:\/\/institutlarenaissance.com\/index.php\/wp-json\/wp\/v2\/pages\/840\/revisions"}],"predecessor-version":[{"id":945,"href":"https:\/\/institutlarenaissance.com\/index.php\/wp-json\/wp\/v2\/pages\/840\/revisions\/945"}],"wp:attachment":[{"href":"https:\/\/institutlarenaissance.com\/index.php\/wp-json\/wp\/v2\/media?parent=840"}],"curies":[{"name":"wp","href":"https:\/\/api.w.org\/{rel}","templated":true}]}}